{"id":633,"date":"2017-09-12T19:07:33","date_gmt":"2017-09-12T17:07:33","guid":{"rendered":"http:\/\/temponi.iltuositosumisura.eu\/?page_id=633\/"},"modified":"2018-07-12T20:40:38","modified_gmt":"2018-07-12T18:40:38","slug":"behandlungen","status":"publish","type":"page","link":"https:\/\/temponi.iltuositosumisura.eu\/de\/behandlungen\/","title":{"rendered":"Behandlungen"},"content":{"rendered":"<h2>Wir liefern komplette Komponenten der W\u00e4rme- und Oberfl\u00e4chenbehandlung.<\/h2>\n<p>Die mechanische Bearbeitungsfirma Temponi\u00a0e Gatta ist in der Lage, Komponenten einschlie\u00dflich W\u00e4rme- und\/oder Oberfl\u00e4chenbehandlungen zu liefern, dank der Zusammenarbeit mit qualifizierten und zuverl\u00e4ssigen Lieferanten, die ihrerseits in der Lage sind, die durchgef\u00fchrten Prozesse zu zertifizieren.<\/p>\n<p><strong>W\u00e4rmebehandlungen<\/strong><\/p>\n<ul>\n<li>Herk\u00f6mmliche (Gl\u00fchen, H\u00e4rten, Verg\u00fcten, ...)<\/li>\n<li>Thermochemische (Carbodiffusion, Einsatzh\u00e4rten, Nitrierh\u00e4rtung, ...)<\/li>\n<li>Vakuum (H\u00e4rten und Anlassen, L\u00f6sungsgl\u00fchen, Aush\u00e4rten, Ionennitrierh\u00e4rtung, ...)<\/li>\n<li>Induktionsh\u00e4rten<\/li>\n<\/ul>\n<p><strong>Oberfl\u00e4chenbehandlungen<\/strong><\/p>\n<ul>\n<li>Hartmetall- und Keramikauflagen<\/li>\n<li>Beschichtungen mit PVD\/PECDV (TiN, TiCN, TiAlN, DLC, SiOx, ZrN, ...)<\/li>\n<li>Bronzeauflagen und Auflagen mit anderen reibungsfesten Legierungen<\/li>\n<li>Dicke technische Hartverchromung<\/li>\n<li>Chemische und galvanische Vernickelung<\/li>\n<li>Br\u00fcnieren<\/li>\n<li>Phosphatieren<\/li>\n<li>Verzinken<\/li>\n<li>Hart- und Bunteloxierung<\/li>\n<li>Polieren<\/li>\n<li>Lackieren<\/li>\n<\/ul>\n<p>&nbsp;<\/p>\n\n","protected":false},"excerpt":{"rendered":"<p>Wir liefern komplette Komponenten der W\u00e4rme- und Oberfl\u00e4chenbehandlung. Die mechanische Bearbeitungsfirma Temponi\u00a0e Gatta ist in der Lage, Komponenten einschlie\u00dflich W\u00e4rme- und\/oder Oberfl\u00e4chenbehandlungen zu liefern, dank der Zusammenarbeit mit qualifizierten und zuverl\u00e4ssigen Lieferanten, die ihrerseits in der Lage sind, die durchgef\u00fchrten Prozesse zu zertifizieren. W\u00e4rmebehandlungen Herk\u00f6mmliche (Gl\u00fchen, H\u00e4rten, Verg\u00fcten, ...) Thermochemische (Carbodiffusion, Einsatzh\u00e4rten, Nitrierh\u00e4rtung, ...) Vakuum [&hellip;]<\/p>\n","protected":false},"author":1,"featured_media":1052,"parent":0,"menu_order":0,"comment_status":"closed","ping_status":"closed","template":"","meta":{"footnotes":""},"class_list":["post-633","page","type-page","status-publish","has-post-thumbnail","hentry","post-wrapper"],"_links":{"self":[{"href":"https:\/\/temponi.iltuositosumisura.eu\/de\/wp-json\/wp\/v2\/pages\/633","targetHints":{"allow":["GET"]}}],"collection":[{"href":"https:\/\/temponi.iltuositosumisura.eu\/de\/wp-json\/wp\/v2\/pages"}],"about":[{"href":"https:\/\/temponi.iltuositosumisura.eu\/de\/wp-json\/wp\/v2\/types\/page"}],"author":[{"embeddable":true,"href":"https:\/\/temponi.iltuositosumisura.eu\/de\/wp-json\/wp\/v2\/users\/1"}],"replies":[{"embeddable":true,"href":"https:\/\/temponi.iltuositosumisura.eu\/de\/wp-json\/wp\/v2\/comments?post=633"}],"version-history":[{"count":0,"href":"https:\/\/temponi.iltuositosumisura.eu\/de\/wp-json\/wp\/v2\/pages\/633\/revisions"}],"wp:featuredmedia":[{"embeddable":true,"href":"https:\/\/temponi.iltuositosumisura.eu\/de\/wp-json\/wp\/v2\/media\/1052"}],"wp:attachment":[{"href":"https:\/\/temponi.iltuositosumisura.eu\/de\/wp-json\/wp\/v2\/media?parent=633"}],"curies":[{"name":"wp","href":"https:\/\/api.w.org\/{rel}","templated":true}]}}