{"id":609,"date":"2017-09-12T18:59:32","date_gmt":"2017-09-12T16:59:32","guid":{"rendered":"http:\/\/temponi.iltuositosumisura.eu\/?page_id=609\/"},"modified":"2018-07-12T20:41:30","modified_gmt":"2018-07-12T18:41:30","slug":"organigramm","status":"publish","type":"page","link":"https:\/\/temponi.iltuositosumisura.eu\/de\/organigramm\/","title":{"rendered":"Organigramm"},"content":{"rendered":"<h2 style=\"text-align: center;\"><strong>Erfolgreiche Struktur<\/strong><\/h2>\n<h4 style=\"text-align: center;\">Die schlanke und gut organisierte Unternehmensstruktur, mit einer typisch handwerklichen Flexibilit\u00e4t, garantiert die P\u00fcnktlichkeit der Lieferungen und die Wiederholbarkeit der Prozesse<\/h4>\n<p>&nbsp;<\/p>\n<p>&nbsp;<\/p>\n<p class=\"rtecenter\" style=\"text-align: center;\"><a class=\"btn btn-warning\" href=\"mailto:info@temponiegatta.com\">GESCH\u00c4FTSLEITUNG<br \/>\ninfo@temponiegatta.com<\/a><\/p>\n<p>&nbsp;<\/p>\n<p class=\"rtecenter\" style=\"text-align: center;\"><a class=\"btn btn-warning\" href=\"mailto:marco@temponiegatta.com\">VETRIEB<br \/>\nmarco@temponiegatta.com<\/a> <a class=\"btn btn-warning\" href=\"mailto:produzione@temponiegatta.com\">TECH. B\u00dcRO - PRODUKTION PROGRAMME<br \/>\nproduzione@temponiegatta.com<\/a> <a class=\"btn btn-warning\" href=\"mailto:qualita@temponiegatta.com\">QUALIT\u00c4T<br \/>\nqualita@temponiegatta.com<\/a><\/p>\n<p>&nbsp;<\/p>\n<p class=\"rtecenter\" style=\"text-align: center;\"><a class=\"btn btn-warning\" href=\"mailto:fabio@temponiegatta.com\">EINKAUF<br \/>\nfabio@temponiegatta.com<\/a> <a class=\"btn btn-warning\" href=\"mailto:produzione@temponiegatta.com\">WERKSTATT<br \/>\nproduzione@temponiegatta.com<\/a> <a class=\"btn btn-warning\" href=\"mailto:amministrazione@temponiegatta.com\">VERWALTUNG<br \/>\namministrazione@temponiegatta.com<\/a><\/p>\n<style>.btn {margin-bottom: 10px;}<\/style>\n","protected":false},"excerpt":{"rendered":"<p>Erfolgreiche Struktur Die schlanke und gut organisierte Unternehmensstruktur, mit einer typisch handwerklichen Flexibilit\u00e4t, garantiert die P\u00fcnktlichkeit der Lieferungen und die Wiederholbarkeit der Prozesse &nbsp; &nbsp; GESCH\u00c4FTSLEITUNG info@temponiegatta.com &nbsp; VETRIEB marco@temponiegatta.com TECH. B\u00dcRO - PRODUKTION PROGRAMME produzione@temponiegatta.com QUALIT\u00c4T qualita@temponiegatta.com &nbsp; EINKAUF fabio@temponiegatta.com WERKSTATT produzione@temponiegatta.com VERWALTUNG amministrazione@temponiegatta.com<\/p>\n","protected":false},"author":1,"featured_media":0,"parent":0,"menu_order":0,"comment_status":"closed","ping_status":"closed","template":"","meta":{"footnotes":""},"class_list":["post-609","page","type-page","status-publish","hentry","post-wrapper"],"_links":{"self":[{"href":"https:\/\/temponi.iltuositosumisura.eu\/de\/wp-json\/wp\/v2\/pages\/609","targetHints":{"allow":["GET"]}}],"collection":[{"href":"https:\/\/temponi.iltuositosumisura.eu\/de\/wp-json\/wp\/v2\/pages"}],"about":[{"href":"https:\/\/temponi.iltuositosumisura.eu\/de\/wp-json\/wp\/v2\/types\/page"}],"author":[{"embeddable":true,"href":"https:\/\/temponi.iltuositosumisura.eu\/de\/wp-json\/wp\/v2\/users\/1"}],"replies":[{"embeddable":true,"href":"https:\/\/temponi.iltuositosumisura.eu\/de\/wp-json\/wp\/v2\/comments?post=609"}],"version-history":[{"count":0,"href":"https:\/\/temponi.iltuositosumisura.eu\/de\/wp-json\/wp\/v2\/pages\/609\/revisions"}],"wp:attachment":[{"href":"https:\/\/temponi.iltuositosumisura.eu\/de\/wp-json\/wp\/v2\/media?parent=609"}],"curies":[{"name":"wp","href":"https:\/\/api.w.org\/{rel}","templated":true}]}}